{"id":129,"date":"2025-10-30T14:15:40","date_gmt":"2025-10-30T11:15:40","guid":{"rendered":"http:\/\/hammaslaaketiedepaivat.fi\/?page_id=129"},"modified":"2026-02-25T11:15:25","modified_gmt":"2026-02-25T08:15:25","slug":"pe-17-4-2026-oikojat","status":"publish","type":"page","link":"https:\/\/hammaslaaketiedepaivat.fi\/index.php\/pe-17-4-2026-oikojat\/","title":{"rendered":"Pe 17.4.2026 Oikojat"},"content":{"rendered":"\n<p>Murrosik\u00e4inen oikojan vastaanotolla<\/p>\n\n\n\n<p><strong>9-10<\/strong><br>Ilmoittautuminen<\/p>\n\n\n\n<p><strong>10:00-10.50<\/strong><br>Nuoren normaali kasvu ja kehitys, kasvuk\u00e4yr\u00e4t ja mit\u00e4 niist\u00e4 pit\u00e4isi tiet\u00e4\u00e4<\/p>\n\n\n\n<p>Dos., EL <a href=\"https:\/\/hammaslaaketiedepaivat.fi\/index.php\/luennoitsijat-2\/8\/\" data-type=\"link\" data-id=\"https:\/\/hammaslaaketiedepaivat.fi\/index.php\/luennoitsijat-2\/8\/\">Antti Saari<\/a><\/p>\n\n\n\n<p><strong>10:50-11:00<\/strong><br>N\u00e4ytteilleasettajan tervehdys<\/p>\n\n\n\n<p><strong>11:00-11:30<\/strong><br>TAUKO JA N\u00c4YTTELYN KIERTO<\/p>\n\n\n\n<p><strong>11:30-12:15<\/strong><br>Kasvusta ja hampaistokehityksest\u00e4 \u2013 ortodontin n\u00e4k\u00f6kulma<\/p>\n\n\n\n<p>Prof., EHL &nbsp;<a href=\"https:\/\/hammaslaaketiedepaivat.fi\/index.php\/luennoitsijat-2\/7\/\" data-type=\"link\" data-id=\"https:\/\/hammaslaaketiedepaivat.fi\/index.php\/luennoitsijat-2\/7\/\">Janna Waltimo-Sir\u00e9n<\/a><\/p>\n\n\n\n<p><strong>12:15-13:15<\/strong><br>Yl\u00e4- ja alakulmahampaiden puhkeamisen haasteita hoidon n\u00e4k\u00f6kulmasta&nbsp;&nbsp;&nbsp;&nbsp;<\/p>\n\n\n\n<p>Dos., EHL <a href=\"https:\/\/hammaslaaketiedepaivat.fi\/index.php\/luennoitsijat-2\/4\/\" data-type=\"link\" data-id=\"https:\/\/hammaslaaketiedepaivat.fi\/index.php\/luennoitsijat-2\/4\/\">Raija L\u00e4hdesm\u00e4ki<\/a><\/p>\n\n\n\n<p><strong>13:15-14:30<\/strong><br>LOUNAS JA N\u00c4YTTELYN KIERTO<\/p>\n\n\n\n<p><strong>14:30-15:30<\/strong><br>Kiinte\u00e4t funktionaaliset kojeet distaalipurennassa<\/p>\n\n\n\n<p>EHL <a href=\"https:\/\/hammaslaaketiedepaivat.fi\/index.php\/luennoitsijat-2\/10\/\" data-type=\"link\" data-id=\"https:\/\/hammaslaaketiedepaivat.fi\/index.php\/luennoitsijat-2\/10\/\">Sanna Uggeldahl<\/a><\/p>\n\n\n\n<p><strong>15:30-15:40<\/strong><br>N\u00e4ytteilleasettajan tervehdys<\/p>\n\n\n\n<p><strong>15:40-16:25<\/strong><br>My\u00f6h\u00e4ss\u00e4 AIII korjauksesta?<\/p>\n\n\n\n<p>Dos., EHL <a href=\"https:\/\/hammaslaaketiedepaivat.fi\/index.php\/luennoitsijat-2\/\" data-type=\"page\" data-id=\"231\">Heidi Arponen<\/a><\/p>\n\n\n\n<p><strong>16:25-16:40<\/strong><br>TAUKO JA N\u00c4YTTELYN KIERTO<\/p>\n\n\n\n<p><strong>16:40-17:20<\/strong><br>Ahdistus ja pelko oikomishoidon potilailla<\/p>\n\n\n\n<p>Dos., EHL Kari Rantavuori<\/p>\n\n\n\n<p><strong>17:20-18:00<\/strong><br>Potilaan motivoiminen hoitoon ja omahoitoon<\/p>\n\n\n\n<p>FT, TtM, AmO, Shg &nbsp;<a href=\"https:\/\/hammaslaaketiedepaivat.fi\/index.php\/luennoitsijat-2\/2\/\" data-type=\"link\" data-id=\"https:\/\/hammaslaaketiedepaivat.fi\/index.php\/luennoitsijat-2\/2\/\">Mirkka J\u00e4rvinen<\/a><\/p>\n\n\n\n<p><a href=\"https:\/\/hammaslaaketiedepaivat.fi\/wp-content\/uploads\/2026\/01\/Pe17.4_oikojat.pdf\">PDF VERSIO<\/a><\/p>\n\n\n\n<p><\/p>\n","protected":false},"excerpt":{"rendered":"<p>Murrosik\u00e4inen oikojan vastaanotolla 9-10Ilmoittautuminen 10:00-10.50Nuoren normaali kasvu ja kehitys, kasvuk\u00e4yr\u00e4t ja mit\u00e4 niist\u00e4 pit\u00e4isi tiet\u00e4\u00e4 Dos., EL Antti Saari 10:50-11:00N\u00e4ytteilleasettajan tervehdys 11:00-11:30TAUKO JA N\u00c4YTTELYN KIERTO 11:30-12:15Kasvusta ja hampaistokehityksest\u00e4 \u2013 ortodontin n\u00e4k\u00f6kulma Prof., EHL &nbsp;Janna Waltimo-Sir\u00e9n 12:15-13:15Yl\u00e4- ja alakulmahampaiden puhkeamisen haasteita hoidon n\u00e4k\u00f6kulmasta&nbsp;&nbsp;&nbsp;&nbsp; Dos., EHL Raija L\u00e4hdesm\u00e4ki 13:15-14:30LOUNAS JA N\u00c4YTTELYN KIERTO 14:30-15:30Kiinte\u00e4t funktionaaliset kojeet distaalipurennassa EHL&#8230;<\/p>\n","protected":false},"author":1,"featured_media":0,"parent":0,"menu_order":0,"comment_status":"closed","ping_status":"closed","template":"","meta":{"_kad_post_transparent":"","_kad_post_title":"","_kad_post_layout":"","_kad_post_sidebar_id":"","_kad_post_content_style":"","_kad_post_vertical_padding":"","_kad_post_feature":"","_kad_post_feature_position":"","_kad_post_header":false,"_kad_post_footer":false,"_kad_post_classname":"","footnotes":""},"class_list":["post-129","page","type-page","status-publish","hentry"],"_links":{"self":[{"href":"https:\/\/hammaslaaketiedepaivat.fi\/index.php\/wp-json\/wp\/v2\/pages\/129","targetHints":{"allow":["GET"]}}],"collection":[{"href":"https:\/\/hammaslaaketiedepaivat.fi\/index.php\/wp-json\/wp\/v2\/pages"}],"about":[{"href":"https:\/\/hammaslaaketiedepaivat.fi\/index.php\/wp-json\/wp\/v2\/types\/page"}],"author":[{"embeddable":true,"href":"https:\/\/hammaslaaketiedepaivat.fi\/index.php\/wp-json\/wp\/v2\/users\/1"}],"replies":[{"embeddable":true,"href":"https:\/\/hammaslaaketiedepaivat.fi\/index.php\/wp-json\/wp\/v2\/comments?post=129"}],"version-history":[{"count":16,"href":"https:\/\/hammaslaaketiedepaivat.fi\/index.php\/wp-json\/wp\/v2\/pages\/129\/revisions"}],"predecessor-version":[{"id":380,"href":"https:\/\/hammaslaaketiedepaivat.fi\/index.php\/wp-json\/wp\/v2\/pages\/129\/revisions\/380"}],"wp:attachment":[{"href":"https:\/\/hammaslaaketiedepaivat.fi\/index.php\/wp-json\/wp\/v2\/media?parent=129"}],"curies":[{"name":"wp","href":"https:\/\/api.w.org\/{rel}","templated":true}]}}