{"id":176,"date":"2025-10-31T12:20:55","date_gmt":"2025-10-31T09:20:55","guid":{"rendered":"https:\/\/hammaslaaketiedepaivat.fi\/?page_id=176"},"modified":"2026-02-12T15:31:31","modified_gmt":"2026-02-12T12:31:31","slug":"hinnasto","status":"publish","type":"page","link":"https:\/\/hammaslaaketiedepaivat.fi\/index.php\/hinnasto\/","title":{"rendered":"Hinnasto"},"content":{"rendered":"\n<p><strong>Huom!<br>Luentop\u00e4ivien hinnat sis. luennot, n\u00e4yttelyn, lounaan ja kahvit<\/strong><\/p>\n\n\n\n<p><\/p>\n\n\n\n<p><strong>Tarjous Turun Hammasl\u00e4\u00e4k\u00e4riseuran j\u00e4senille: <\/strong><br>300\u20ac (2 p\u00e4iv\u00e4\u00e4) Early bird 1.12.-15.2.<br><\/p>\n\n\n\n<p><strong>Hammasl\u00e4\u00e4k\u00e4rit ja oikojat<\/strong><\/p>\n\n\n\n<p>2 p\u00e4iv\u00e4\u00e4\/1 p\u00e4iv\u00e4<\/p>\n\n\n\n<p>Early bird 1.12.-15.2.<br>hinnat: 340\/210\u20ac<\/p>\n\n\n\n<p>Ennakkohinta 16.2.-15.3.<br>hinnat: 390\/260\u20ac<\/p>\n\n\n\n<p>Viime tipan hinta 16.3. eteenp\u00e4in<br>hinnat:&nbsp; 450\/320\u20ac<\/p>\n\n\n\n<p><strong>Suuhygienistit ja hammashoitajat<\/strong><\/p>\n\n\n\n<p>Early bird 1.12.-15.2.<br>165\u20ac (sis. alv)<\/p>\n\n\n\n<p>Ennakkohinta 16.2.-15.3.<br>200\u20ac (sis. alv)<\/p>\n\n\n\n<p>Viime tipan hinta 16.3. eteenp\u00e4in<br>250\u20ac (sis. alv)<\/p>\n\n\n\n<p><\/p>\n\n\n\n<p><strong>Cocktail-tilaisuus <\/strong><br>Early bird 35\/45\u20ac<br>Ennakko 49\/59\u20ac<br>Viime tippa 65\/80\u20ac<\/p>\n\n\n\n<p><\/p>\n","protected":false},"excerpt":{"rendered":"<p>Huom!Luentop\u00e4ivien hinnat sis. luennot, n\u00e4yttelyn, lounaan ja kahvit Tarjous Turun Hammasl\u00e4\u00e4k\u00e4riseuran j\u00e4senille: 300\u20ac (2 p\u00e4iv\u00e4\u00e4) Early bird 1.12.-15.2. Hammasl\u00e4\u00e4k\u00e4rit ja oikojat 2 p\u00e4iv\u00e4\u00e4\/1 p\u00e4iv\u00e4 Early bird 1.12.-15.2.hinnat: 340\/210\u20ac Ennakkohinta 16.2.-15.3.hinnat: 390\/260\u20ac Viime tipan hinta 16.3. eteenp\u00e4inhinnat:&nbsp; 450\/320\u20ac Suuhygienistit ja hammashoitajat Early bird 1.12.-15.2.165\u20ac (sis. alv) Ennakkohinta 16.2.-15.3.200\u20ac (sis. alv) Viime tipan hinta 16.3. eteenp\u00e4in250\u20ac (sis&#8230;.<\/p>\n","protected":false},"author":1,"featured_media":0,"parent":0,"menu_order":0,"comment_status":"closed","ping_status":"closed","template":"","meta":{"_kad_post_transparent":"","_kad_post_title":"","_kad_post_layout":"","_kad_post_sidebar_id":"","_kad_post_content_style":"","_kad_post_vertical_padding":"","_kad_post_feature":"","_kad_post_feature_position":"","_kad_post_header":false,"_kad_post_footer":false,"_kad_post_classname":"","footnotes":""},"class_list":["post-176","page","type-page","status-publish","hentry"],"_links":{"self":[{"href":"https:\/\/hammaslaaketiedepaivat.fi\/index.php\/wp-json\/wp\/v2\/pages\/176","targetHints":{"allow":["GET"]}}],"collection":[{"href":"https:\/\/hammaslaaketiedepaivat.fi\/index.php\/wp-json\/wp\/v2\/pages"}],"about":[{"href":"https:\/\/hammaslaaketiedepaivat.fi\/index.php\/wp-json\/wp\/v2\/types\/page"}],"author":[{"embeddable":true,"href":"https:\/\/hammaslaaketiedepaivat.fi\/index.php\/wp-json\/wp\/v2\/users\/1"}],"replies":[{"embeddable":true,"href":"https:\/\/hammaslaaketiedepaivat.fi\/index.php\/wp-json\/wp\/v2\/comments?post=176"}],"version-history":[{"count":5,"href":"https:\/\/hammaslaaketiedepaivat.fi\/index.php\/wp-json\/wp\/v2\/pages\/176\/revisions"}],"predecessor-version":[{"id":366,"href":"https:\/\/hammaslaaketiedepaivat.fi\/index.php\/wp-json\/wp\/v2\/pages\/176\/revisions\/366"}],"wp:attachment":[{"href":"https:\/\/hammaslaaketiedepaivat.fi\/index.php\/wp-json\/wp\/v2\/media?parent=176"}],"curies":[{"name":"wp","href":"https:\/\/api.w.org\/{rel}","templated":true}]}}