{"id":231,"date":"2025-11-25T12:01:22","date_gmt":"2025-11-25T09:01:22","guid":{"rendered":"https:\/\/hammaslaaketiedepaivat.fi\/?page_id=231"},"modified":"2026-02-25T11:11:59","modified_gmt":"2026-02-25T08:11:59","slug":"luennoitsijat-2","status":"publish","type":"page","link":"https:\/\/hammaslaaketiedepaivat.fi\/index.php\/luennoitsijat-2\/","title":{"rendered":"Luennoitsijat"},"content":{"rendered":"\n<div class=\"wp-block-media-text is-stacked-on-mobile\" style=\"grid-template-columns:30% auto\"><figure class=\"wp-block-media-text__media\"><img loading=\"lazy\" decoding=\"async\" width=\"1200\" height=\"1370\" src=\"https:\/\/hammaslaaketiedepaivat.fi\/wp-content\/uploads\/2025\/11\/Heidi_Arponen_pieni.jpg\" alt=\"\" class=\"wp-image-233 size-full\" srcset=\"https:\/\/hammaslaaketiedepaivat.fi\/wp-content\/uploads\/2025\/11\/Heidi_Arponen_pieni.jpg 1200w, https:\/\/hammaslaaketiedepaivat.fi\/wp-content\/uploads\/2025\/11\/Heidi_Arponen_pieni-263x300.jpg 263w, https:\/\/hammaslaaketiedepaivat.fi\/wp-content\/uploads\/2025\/11\/Heidi_Arponen_pieni-897x1024.jpg 897w, https:\/\/hammaslaaketiedepaivat.fi\/wp-content\/uploads\/2025\/11\/Heidi_Arponen_pieni-768x877.jpg 768w\" sizes=\"auto, (max-width: 1200px) 100vw, 1200px\" \/><\/figure><div class=\"wp-block-media-text__content\">\n<p>Heidi Arponen<\/p>\n\n\n\n<p>Progenian hoidossa oikea ajoitus on t\u00e4rke\u00e4\u00e4. Luennolla pohditaan hoidon ajoituksen lis\u00e4ksi eri hoitomenetelmi\u00e4 Vantaan ja Keravan hyvinvointialueella ja Helsingin yliopistossa ty\u00f6skentelev\u00e4n Heidi Arposen kanssa.<\/p>\n<\/div><\/div>\n\n\n\n<!--nextpage-->\n\n\n\n<div class=\"wp-block-media-text is-stacked-on-mobile\" style=\"grid-template-columns:30% auto\"><figure class=\"wp-block-media-text__media\"><img loading=\"lazy\" decoding=\"async\" width=\"683\" height=\"1024\" src=\"https:\/\/hammaslaaketiedepaivat.fi\/wp-content\/uploads\/2025\/11\/mirkka_espoo6-5-683x1024.jpg\" alt=\"\" class=\"wp-image-234 size-full\" srcset=\"https:\/\/hammaslaaketiedepaivat.fi\/wp-content\/uploads\/2025\/11\/mirkka_espoo6-5-683x1024.jpg 683w, https:\/\/hammaslaaketiedepaivat.fi\/wp-content\/uploads\/2025\/11\/mirkka_espoo6-5-200x300.jpg 200w, https:\/\/hammaslaaketiedepaivat.fi\/wp-content\/uploads\/2025\/11\/mirkka_espoo6-5-768x1152.jpg 768w, https:\/\/hammaslaaketiedepaivat.fi\/wp-content\/uploads\/2025\/11\/mirkka_espoo6-5-1024x1536.jpg 1024w, https:\/\/hammaslaaketiedepaivat.fi\/wp-content\/uploads\/2025\/11\/mirkka_espoo6-5-1365x2048.jpg 1365w, https:\/\/hammaslaaketiedepaivat.fi\/wp-content\/uploads\/2025\/11\/mirkka_espoo6-5-scaled.jpg 1706w\" sizes=\"auto, (max-width: 683px) 100vw, 683px\" \/><\/figure><div class=\"wp-block-media-text__content\">\n<p>Mirka J\u00e4rvinen<\/p>\n\n\n\n<p>Olen luennoinut terveyden edist\u00e4misest\u00e4 18 vuoden ajan ja ollut mukana tekem\u00e4ss\u00e4 Karieksen hallinnan ja Parodontiitti K\u00e4yp\u00e4 hoito suosituksia sek\u00e4 PALKOn suositusta sairastumisriskin pienent\u00e4misest\u00e4 omahoidon tuella ja elintapaohjauksella. P\u00e4iv\u00e4ty\u00f6kseni olen Suun terveydenhoidon ammattilaiset STAL ry:n toiminnanjohtaja.<\/p>\n\n\n\n<p>Luennolla kerron motivoivasta haastattelusta eli potilaan ja ammattilaisen v\u00e4liseen yhteisty\u00f6h\u00f6n perustuvasta vuorovaikutusmenetelm\u00e4st\u00e4, jolla pyrit\u00e4\u00e4n l\u00f6yt\u00e4m\u00e4\u00e4n ja vahvistamaan potilaan motivaatiota el\u00e4m\u00e4ntapamuutokseen.<\/p>\n<\/div><\/div>\n\n\n\n<!--nextpage-->\n\n\n\n<div class=\"wp-block-media-text is-stacked-on-mobile\" style=\"grid-template-columns:30% auto\"><figure class=\"wp-block-media-text__media\"><img loading=\"lazy\" decoding=\"async\" width=\"376\" height=\"471\" src=\"https:\/\/hammaslaaketiedepaivat.fi\/wp-content\/uploads\/2025\/11\/laajala_rajattu.jpg\" alt=\"\" class=\"wp-image-236 size-full\" srcset=\"https:\/\/hammaslaaketiedepaivat.fi\/wp-content\/uploads\/2025\/11\/laajala_rajattu.jpg 376w, https:\/\/hammaslaaketiedepaivat.fi\/wp-content\/uploads\/2025\/11\/laajala_rajattu-239x300.jpg 239w\" sizes=\"auto, (max-width: 376px) 100vw, 376px\" \/><\/figure><div class=\"wp-block-media-text__content\">\n<p>Anne Laajala<\/p>\n\n\n\n<p>Olen kariologian ja endodontian erikoishammasl\u00e4\u00e4k\u00e4ri ja hammasl\u00e4\u00e4ketieteen tohtori. Toimin Oulun yliopistollisessa sairaalassa, ja hoidan laajasti infektiofokuspotilaita oman erikoisalani ohella. Kohtaan potilaita monenlaisissa el\u00e4m\u00e4ntilainteissa, ja n\u00e4en, miten ihmisen el\u00e4m\u00e4ntilanne, mieli, sairastavuus ja l\u00e4\u00e4kitykset vaikuttavat kaikki potilaan hampaistoon ja mahdollisuuksiin sen hoitoon. <\/p>\n\n\n\n<p>Karies on pys\u00e4ytett\u00e4viss\u00e4 oleva hammassairaus, vaikkakin ihmisen omat k\u00e4ytett\u00e4viss\u00e4 olevat resurssit niin motivaation, el\u00e4m\u00e4nhallinan kuin taloudenkin suhteen vaikuttavat hoidon suunnitteluun ja toteutukseen. Karieksen hallinta yksil\u00f6tasolla on hammasl\u00e4\u00e4k\u00e4rin ydinosaamista. Luennoiltani saat k\u00e4yt\u00e4nn\u00f6n vinkkej\u00e4 ja p\u00e4ivityst\u00e4 karieksen kokonaishoitoon ja infektiofokushoitoon.<\/p>\n<\/div><\/div>\n\n\n\n<!--nextpage-->\n\n\n\n<div class=\"wp-block-media-text is-stacked-on-mobile\" style=\"grid-template-columns:30% auto\"><figure class=\"wp-block-media-text__media\"><img loading=\"lazy\" decoding=\"async\" width=\"622\" height=\"778\" src=\"https:\/\/hammaslaaketiedepaivat.fi\/wp-content\/uploads\/2025\/11\/Raija_8.2021.jpg\" alt=\"\" class=\"wp-image-238 size-full\" srcset=\"https:\/\/hammaslaaketiedepaivat.fi\/wp-content\/uploads\/2025\/11\/Raija_8.2021.jpg 622w, https:\/\/hammaslaaketiedepaivat.fi\/wp-content\/uploads\/2025\/11\/Raija_8.2021-240x300.jpg 240w\" sizes=\"auto, (max-width: 622px) 100vw, 622px\" \/><\/figure><div class=\"wp-block-media-text__content\">\n<p>Raija L\u00e4hdesm\u00e4ki<\/p>\n\n\n\n<p>Tohtorin tutkinto 2006 ja hampaiston kehityksen dosentti Oulun yliopisto, 2017. Kansainv\u00e4liset referoidut julkaisut noin 40. Emerita tutkija, Oulun yliopisto 2.2023.<\/p>\n\n\n\n<p>Valmistuin hammasl\u00e4\u00e4k\u00e4riksi vuonna 1980 Kuopion yliopistosta ja ty\u00f6skentelin terveyskeskuksessa vuoteen 1998 tehden my\u00f6s oikomishoitoa EHL Risto V\u00e4nttisen ohjauksessa. Lapset k\u00e4viv\u00e4t vuoden v\u00e4lein suun ja hampaiston tarkastuksessa mik\u00e4 kehitti ymm\u00e4rryst\u00e4 purennan kehittymisest\u00e4.&nbsp;<\/p>\n\n\n\n<p>Vuonna 2001 sain Oulun yliopistosta Oikomishoidon erikoishammasl\u00e4\u00e4k\u00e4rin p\u00e4tevyyden ja ty\u00f6skentelin Yl\u00e4-Savossa, kunnes 2005 siirryin Oulun yliopistoon tutkijaopettajaksi. Kandien oikomispotilaiden ohjaus, Oulun kaupunki 2007-2020. Oikomishoitoon erikoistuvien ohjaus, PPSHP\/POHDE, Hamsu 2008\u20132022.<\/p>\n\n\n\n<p><strong>Luennossani <\/strong>k\u00e4sittelen pysyv\u00e4\u00e4n kulmahampaaseen liittyvi\u00e4 ongelmia puhkeamisen eri vaiheissa ja mahdollisuuksia tukea normaalia puhkeamista. Tarkastelen my\u00f6s mahdollisuuksia hoitaa puhkeamattomuutta niin yl\u00e4- kuin alakulmahampaiden osalta.<\/p>\n<\/div><\/div>\n\n\n\n<!--nextpage-->\n\n\n\n<div class=\"wp-block-media-text is-stacked-on-mobile\" style=\"grid-template-columns:30% auto\"><figure class=\"wp-block-media-text__media\"><img loading=\"lazy\" decoding=\"async\" width=\"1011\" height=\"1024\" src=\"https:\/\/hammaslaaketiedepaivat.fi\/wp-content\/uploads\/2025\/11\/Ulla-P-kuva-1011x1024.jpg\" alt=\"\" class=\"wp-image-239 size-full\" srcset=\"https:\/\/hammaslaaketiedepaivat.fi\/wp-content\/uploads\/2025\/11\/Ulla-P-kuva-1011x1024.jpg 1011w, https:\/\/hammaslaaketiedepaivat.fi\/wp-content\/uploads\/2025\/11\/Ulla-P-kuva-296x300.jpg 296w, https:\/\/hammaslaaketiedepaivat.fi\/wp-content\/uploads\/2025\/11\/Ulla-P-kuva-768x778.jpg 768w, https:\/\/hammaslaaketiedepaivat.fi\/wp-content\/uploads\/2025\/11\/Ulla-P-kuva.jpg 1125w\" sizes=\"auto, (max-width: 1011px) 100vw, 1011px\" \/><\/figure><div class=\"wp-block-media-text__content\">\n<p>Ulla Palotie<\/p>\n\n\n\n<p>Olen yliopistonlehtori ja kliininen opettaja sek\u00e4 erikoishammasl\u00e4\u00e4k\u00e4rin\u00e4 hoidan l\u00e4hetepotilaita. Kariologisten potilaiden hoidoissa on omat haasteensa kuten milloin paikata ja milloin seurata kariesvaurioita. Kun paikkaushoitoon p\u00e4\u00e4dyt\u00e4\u00e4n niin kerron luennossani mit\u00e4 yhdistelm\u00e4muovipaikkauksessa tulisi ottaa huomioon ja miksi. Saat vinkkej\u00e4 paikkaushoidon tehokkaaseen, mutta kest\u00e4v\u00e4\u00e4n toteutukseen.<\/p>\n\n\n\n<p>Luentoni j\u00e4lkeen osaat<\/p>\n\n\n\n<p>-k\u00e4ytt\u00e4\u00e4 paikkaushoitoa osana kariologisen potilaan hoitoa<br>-selitt\u00e4\u00e4 yhdistelm\u00e4muovipaikan kriittiset valmistusvaiheet<br>-arvioida&nbsp;yhdistelm\u00e4muovipaikkojen korjaustarvetta<\/p>\n<\/div><\/div>\n\n\n\n<!--nextpage-->\n\n\n\n<div class=\"wp-block-media-text is-stacked-on-mobile\" style=\"grid-template-columns:30% auto\"><figure class=\"wp-block-media-text__media\"><img loading=\"lazy\" decoding=\"async\" width=\"289\" height=\"358\" src=\"https:\/\/hammaslaaketiedepaivat.fi\/wp-content\/uploads\/2025\/11\/pietikainen.png\" alt=\"\" class=\"wp-image-240 size-full\" srcset=\"https:\/\/hammaslaaketiedepaivat.fi\/wp-content\/uploads\/2025\/11\/pietikainen.png 289w, https:\/\/hammaslaaketiedepaivat.fi\/wp-content\/uploads\/2025\/11\/pietikainen-242x300.png 242w\" sizes=\"auto, (max-width: 289px) 100vw, 289px\" \/><\/figure><div class=\"wp-block-media-text__content\">\n<p>P\u00e4ivi Pietik\u00e4inen<\/p>\n\n\n\n<p>Olen koulutukseltani hammashoitaja, suuhygienisti ja terveystieteiden maisteri. Toimin lehtorina Turun AMK:ssa suuhygienistikoulutuksessa. <\/p>\n\n\n\n<p>Luennoillani k\u00e4sittelen suun terveydenhuollon arjen tilanteita, joissa korostuvat aseptiikka, suukirurgisiin toimenpiteisiin valmistautuminen ja TMD-potilaan kohtaaminen. Tavoitteeni on tarjota k\u00e4yt\u00e4nn\u00f6nl\u00e4heisi\u00e4 oivalluksia ja ty\u00f6kaluja, jotka tukevat suun terveydenhuollon ammattilaisia heid\u00e4n t\u00e4rke\u00e4ss\u00e4 ty\u00f6ss\u00e4\u00e4n.<\/p>\n<\/div><\/div>\n\n\n\n<!--nextpage-->\n\n\n\n<div class=\"wp-block-media-text is-stacked-on-mobile\" style=\"grid-template-columns:30% auto\"><figure class=\"wp-block-media-text__media\"><img loading=\"lazy\" decoding=\"async\" width=\"520\" height=\"642\" src=\"https:\/\/hammaslaaketiedepaivat.fi\/wp-content\/uploads\/2025\/11\/janna-waltimo-siren-2021.jpg\" alt=\"\" class=\"wp-image-242 size-full\" srcset=\"https:\/\/hammaslaaketiedepaivat.fi\/wp-content\/uploads\/2025\/11\/janna-waltimo-siren-2021.jpg 520w, https:\/\/hammaslaaketiedepaivat.fi\/wp-content\/uploads\/2025\/11\/janna-waltimo-siren-2021-243x300.jpg 243w\" sizes=\"auto, (max-width: 520px) 100vw, 520px\" \/><\/figure><div class=\"wp-block-media-text__content\">\n<p>Janna Waltimo-Sir\u00e9n<\/p>\n\n\n\n<p>Janna Waltimo-Sir\u00e9n toimii Turun yliopistossa Lasten hammashoidon ja oikomisopin professorina. <\/p>\n\n\n\n<p>Luennolla pohditaan, noudattaako hampaiston kehitysnopeus somaattista kasvua ja lis\u00e4ksi muun muassa mahdollisia yhteyksi\u00e4 lasten ja nuorten ylipainoisuuden, hampaiston kehittymisen aikataulun ja purentavirheiden esiintymisen v\u00e4lill\u00e4.<\/p>\n<\/div><\/div>\n\n\n\n<!--nextpage-->\n\n\n\n<div class=\"wp-block-media-text is-stacked-on-mobile\" style=\"grid-template-columns:30% auto\"><figure class=\"wp-block-media-text__media\"><img loading=\"lazy\" decoding=\"async\" width=\"781\" height=\"1024\" src=\"https:\/\/hammaslaaketiedepaivat.fi\/wp-content\/uploads\/2026\/01\/IMG_2315-781x1024.jpeg\" alt=\"\" class=\"wp-image-305 size-full\" srcset=\"https:\/\/hammaslaaketiedepaivat.fi\/wp-content\/uploads\/2026\/01\/IMG_2315-781x1024.jpeg 781w, https:\/\/hammaslaaketiedepaivat.fi\/wp-content\/uploads\/2026\/01\/IMG_2315-229x300.jpeg 229w, https:\/\/hammaslaaketiedepaivat.fi\/wp-content\/uploads\/2026\/01\/IMG_2315-768x1007.jpeg 768w, https:\/\/hammaslaaketiedepaivat.fi\/wp-content\/uploads\/2026\/01\/IMG_2315-1171x1536.jpeg 1171w, https:\/\/hammaslaaketiedepaivat.fi\/wp-content\/uploads\/2026\/01\/IMG_2315-1561x2048.jpeg 1561w, https:\/\/hammaslaaketiedepaivat.fi\/wp-content\/uploads\/2026\/01\/IMG_2315-scaled.jpeg 1952w\" sizes=\"auto, (max-width: 781px) 100vw, 781px\" \/><\/figure><div class=\"wp-block-media-text__content\">\n<p>Antti Saari<\/p>\n\n\n\n<p>Dosentti, lastenendokrinologi<\/p>\n\n\n\n<p>Luennolla perehdyt\u00e4\u00e4n terveen lapsen ja nuoren tavanomaiseen kasvuun. Tavoitteena on, ett\u00e4 luennon j\u00e4lkeen kuulija tiet\u00e4\u00e4, mit\u00e4 on lapsen ns. normaali kasvu, miten kasvua seurataan, milloin kasvun suhteen tulee huolestua ja miten lasta tutkitaan ja hoidetaan, jos kasvu on poikkeavaa.<\/p>\n<\/div><\/div>\n\n\n\n<!--nextpage-->\n\n\n\n<div class=\"wp-block-media-text is-stacked-on-mobile\" style=\"grid-template-columns:30% auto\"><figure class=\"wp-block-media-text__media\"><img loading=\"lazy\" decoding=\"async\" width=\"683\" height=\"1024\" src=\"https:\/\/hammaslaaketiedepaivat.fi\/wp-content\/uploads\/2026\/02\/elegant_2_5e9a4353-kuva-kevyt-683x1024.jpg\" alt=\"\" class=\"wp-image-340 size-full\" srcset=\"https:\/\/hammaslaaketiedepaivat.fi\/wp-content\/uploads\/2026\/02\/elegant_2_5e9a4353-kuva-kevyt-683x1024.jpg 683w, https:\/\/hammaslaaketiedepaivat.fi\/wp-content\/uploads\/2026\/02\/elegant_2_5e9a4353-kuva-kevyt-200x300.jpg 200w, https:\/\/hammaslaaketiedepaivat.fi\/wp-content\/uploads\/2026\/02\/elegant_2_5e9a4353-kuva-kevyt-768x1152.jpg 768w, https:\/\/hammaslaaketiedepaivat.fi\/wp-content\/uploads\/2026\/02\/elegant_2_5e9a4353-kuva-kevyt.jpg 1024w\" sizes=\"auto, (max-width: 683px) 100vw, 683px\" \/><\/figure><div class=\"wp-block-media-text__content\">\n<p>Annina Salmi Svartstr\u00f6m<\/p>\n\n\n\n<p><\/p>\n\n\n\n<p>Olen Annina, parodontologian erikoishammasl\u00e4\u00e4k\u00e4ri ja lis\u00e4ksi minulla on suugeriatrian erityisp\u00e4tevyys. Ty\u00f6skentelen t\u00e4ll\u00e4 hetkell\u00e4 Turun Yliopistossa sek\u00e4 Opetusklinikalla opettajana. Lis\u00e4ksi teen yksityisvastaanottoa.<\/p>\n\n\n\n<p>K\u00e4ymme l\u00e4pi hyv\u00e4n anamneesin merkityst\u00e4, ker\u00e4\u00e4mist\u00e4 ja siin\u00e4 huomioitavia seikkoja.<\/p>\n\n\n\n<p>Implanttien yll\u00e4pidon osalta keskitymme v\u00e4lineisiin ja milloin ohjata potilas eteenp\u00e4in.<\/p>\n<\/div><\/div>\n\n\n\n<!--nextpage-->\n\n\n\n<div class=\"wp-block-media-text is-stacked-on-mobile\" style=\"grid-template-columns:30% auto\"><figure class=\"wp-block-media-text__media\"><img loading=\"lazy\" decoding=\"async\" width=\"1002\" height=\"1024\" src=\"https:\/\/hammaslaaketiedepaivat.fi\/wp-content\/uploads\/2026\/02\/1310F926-CEB2-408A-AF01-FED51E31242A-1002x1024.jpeg\" alt=\"\" class=\"wp-image-375 size-full\" srcset=\"https:\/\/hammaslaaketiedepaivat.fi\/wp-content\/uploads\/2026\/02\/1310F926-CEB2-408A-AF01-FED51E31242A-1002x1024.jpeg 1002w, https:\/\/hammaslaaketiedepaivat.fi\/wp-content\/uploads\/2026\/02\/1310F926-CEB2-408A-AF01-FED51E31242A-294x300.jpeg 294w, https:\/\/hammaslaaketiedepaivat.fi\/wp-content\/uploads\/2026\/02\/1310F926-CEB2-408A-AF01-FED51E31242A-768x785.jpeg 768w, https:\/\/hammaslaaketiedepaivat.fi\/wp-content\/uploads\/2026\/02\/1310F926-CEB2-408A-AF01-FED51E31242A-1503x1536.jpeg 1503w, https:\/\/hammaslaaketiedepaivat.fi\/wp-content\/uploads\/2026\/02\/1310F926-CEB2-408A-AF01-FED51E31242A-2004x2048.jpeg 2004w\" sizes=\"auto, (max-width: 1002px) 100vw, 1002px\" \/><\/figure><div class=\"wp-block-media-text__content\">\n<p>Sanna Uggeldahl<\/p>\n\n\n\n<p>Ty\u00f6skentelen t\u00e4ll\u00e4 hetkell\u00e4 oikomishoidon erikoishammasl\u00e4\u00e4k\u00e4rin\u00e4 ja vs. apulaisylihammasl\u00e4\u00e4k\u00e4rin\u00e4 HUSin Suu- ja leukasairauksien poliklinikalla. <\/p>\n\n\n\n<p>Luennollani k\u00e4sittell\u00e4\u00e4n distaalipurennan hoidossa k\u00e4ytett\u00e4vi\u00e4 yleisimpi\u00e4 kiinteit\u00e4 funktionaalisia kojeita, niiden etuja ja haittoja, sek\u00e4 pohditaan, milloin on mahdollisesti parempi j\u00e4tt\u00e4\u00e4 hoitamatta ja odottaa kirurgista hoitoa aikuisena.<\/p>\n\n\n\n<p><\/p>\n<\/div><\/div>\n\n\n\n<!--nextpage-->\n\n\n\n<div class=\"wp-block-media-text is-stacked-on-mobile\" style=\"grid-template-columns:24% auto\"><figure class=\"wp-block-media-text__media\"><img loading=\"lazy\" decoding=\"async\" width=\"510\" height=\"1024\" src=\"https:\/\/hammaslaaketiedepaivat.fi\/wp-content\/uploads\/2026\/02\/Reetta-510x1024.jpg\" alt=\"\" class=\"wp-image-377 size-full\" srcset=\"https:\/\/hammaslaaketiedepaivat.fi\/wp-content\/uploads\/2026\/02\/Reetta-510x1024.jpg 510w, https:\/\/hammaslaaketiedepaivat.fi\/wp-content\/uploads\/2026\/02\/Reetta-149x300.jpg 149w, https:\/\/hammaslaaketiedepaivat.fi\/wp-content\/uploads\/2026\/02\/Reetta-768x1543.jpg 768w, https:\/\/hammaslaaketiedepaivat.fi\/wp-content\/uploads\/2026\/02\/Reetta-764x1536.jpg 764w, https:\/\/hammaslaaketiedepaivat.fi\/wp-content\/uploads\/2026\/02\/Reetta-1019x2048.jpg 1019w, https:\/\/hammaslaaketiedepaivat.fi\/wp-content\/uploads\/2026\/02\/Reetta-scaled.jpg 1274w\" sizes=\"auto, (max-width: 510px) 100vw, 510px\" \/><\/figure><div class=\"wp-block-media-text__content\">\n<p>Reetta Saarinen<\/p>\n\n\n\n<p>Olen valmistunut hammashoitajaksi 2016. Olen ty\u00f6skennellyt Turun Kaupungin Opetushammashoitolassa kandiopetuksessa sek\u00e4 Turun Kaupungin hammashoidossa eri yksik\u00f6iss\u00e4.<\/p>\n\n\n\n<p>Vuodesta 2022 olen ty\u00f6skennellyt TYKS Suu- ja leukasairauksien klinikalla, p\u00e4\u00e4s\u00e4\u00e4nt\u00f6isesti proteetikon, endodontin ja kirurgin ty\u00f6parina.<\/p>\n\n\n\n<p>Luennollani k\u00e4sittelen implanttien j\u00e4ljent\u00e4mist\u00e4 sek\u00e4 skannaamalla ett\u00e4 perinteisesti j\u00e4ljent\u00e4m\u00e4ll\u00e4.<\/p>\n<\/div><\/div>\n\n\n\n<p><\/p>\n","protected":false},"excerpt":{"rendered":"<p>Heidi Arponen Progenian hoidossa oikea ajoitus on t\u00e4rke\u00e4\u00e4. Luennolla pohditaan hoidon ajoituksen lis\u00e4ksi eri hoitomenetelmi\u00e4 Vantaan ja Keravan hyvinvointialueella ja Helsingin yliopistossa ty\u00f6skentelev\u00e4n Heidi Arposen kanssa.<\/p>\n","protected":false},"author":1,"featured_media":0,"parent":0,"menu_order":0,"comment_status":"closed","ping_status":"closed","template":"","meta":{"_kad_post_transparent":"","_kad_post_title":"","_kad_post_layout":"","_kad_post_sidebar_id":"","_kad_post_content_style":"","_kad_post_vertical_padding":"","_kad_post_feature":"","_kad_post_feature_position":"","_kad_post_header":false,"_kad_post_footer":false,"_kad_post_classname":"","footnotes":""},"class_list":["post-231","page","type-page","status-publish","hentry"],"_links":{"self":[{"href":"https:\/\/hammaslaaketiedepaivat.fi\/index.php\/wp-json\/wp\/v2\/pages\/231","targetHints":{"allow":["GET"]}}],"collection":[{"href":"https:\/\/hammaslaaketiedepaivat.fi\/index.php\/wp-json\/wp\/v2\/pages"}],"about":[{"href":"https:\/\/hammaslaaketiedepaivat.fi\/index.php\/wp-json\/wp\/v2\/types\/page"}],"author":[{"embeddable":true,"href":"https:\/\/hammaslaaketiedepaivat.fi\/index.php\/wp-json\/wp\/v2\/users\/1"}],"replies":[{"embeddable":true,"href":"https:\/\/hammaslaaketiedepaivat.fi\/index.php\/wp-json\/wp\/v2\/comments?post=231"}],"version-history":[{"count":7,"href":"https:\/\/hammaslaaketiedepaivat.fi\/index.php\/wp-json\/wp\/v2\/pages\/231\/revisions"}],"predecessor-version":[{"id":378,"href":"https:\/\/hammaslaaketiedepaivat.fi\/index.php\/wp-json\/wp\/v2\/pages\/231\/revisions\/378"}],"wp:attachment":[{"href":"https:\/\/hammaslaaketiedepaivat.fi\/index.php\/wp-json\/wp\/v2\/media?parent=231"}],"curies":[{"name":"wp","href":"https:\/\/api.w.org\/{rel}","templated":true}]}}