{"id":25,"date":"2025-06-05T14:59:45","date_gmt":"2025-06-05T11:59:45","guid":{"rendered":"http:\/\/hammaslaaketiedepaivat.fi\/?page_id=25"},"modified":"2026-01-21T11:47:40","modified_gmt":"2026-01-21T08:47:40","slug":"ohjelma","status":"publish","type":"page","link":"https:\/\/hammaslaaketiedepaivat.fi\/index.php\/ohjelma\/","title":{"rendered":"Ohjelma"},"content":{"rendered":"\n<p>Turun Hammasl\u00e4\u00e4ketiedep\u00e4ivien <br><strong>Luento-ohjelma<\/strong><\/p>\n\n\n\n<p><a href=\"https:\/\/hammaslaaketiedepaivat.fi\/index.php\/pe-17-4-2026-hammaslaakarit\/\" data-type=\"page\" data-id=\"109\">Pe 17.4.2026 Hammasl\u00e4\u00e4k\u00e4rit<\/a><\/p>\n\n\n\n<p><a href=\"https:\/\/hammaslaaketiedepaivat.fi\/index.php\/pe-17-4-2026-oikojat\/\" data-type=\"page\" data-id=\"129\">Pe 17.4.2026 Oikojat<\/a><\/p>\n\n\n\n<p><a href=\"https:\/\/hammaslaaketiedepaivat.fi\/index.php\/la-18-4-2026-hammaslaakarit\/\" data-type=\"page\" data-id=\"132\">La 18.4. 2026 Hammasl\u00e4\u00e4k\u00e4rit<\/a><\/p>\n\n\n\n<p><a href=\"https:\/\/hammaslaaketiedepaivat.fi\/index.php\/la-18-4-2026-suuhygienistit-ja-hammashoitajat\/\" data-type=\"page\" data-id=\"134\">La 18.4.2026 Suuhygienistit ja hammashoitajat<\/a><\/p>\n\n\n\n<p><strong><a href=\"https:\/\/hammaslaaketiedepaivat.fi\/index.php\/pe-17-4-cocktail-tilaisuus\/\" data-type=\"page\" data-id=\"163\">Cocktail-tilaisuus pe 17.4.2026<\/a><\/strong><\/p>\n\n\n\n<p><a href=\"https:\/\/hammaslaaketiedepaivat.fi\/index.php\/hinnasto\/\" data-type=\"page\" data-id=\"176\">Hinnasto<\/a><\/p>\n\n\n\n<p><a href=\"https:\/\/hammaslaaketiedepaivat.fi\/wp-content\/uploads\/2026\/01\/Ilmoitus_A4_print_korjattu.pdf\" data-type=\"link\" data-id=\"https:\/\/hammaslaaketiedepaivat.fi\/wp-content\/uploads\/2026\/01\/Ilmoitus_A4_print_korjattu.pdf\">Koko luento-ohjelma PDF<\/a> (tulostettava versio)<\/p>\n\n\n\n<p>Lis\u00e4ksi Turun Hammasl\u00e4\u00e4ketiedep\u00e4ivill\u00e4 suun terveyden alan n\u00e4yttely.<\/p>\n\n\n\n<p>Katso <a href=\"https:\/\/hammaslaaketiedepaivat.fi\/index.php\/naytteilleasettajat\/\" data-type=\"page\" data-id=\"28\">n\u00e4ytteilleasettajat<\/a><\/p>\n","protected":false},"excerpt":{"rendered":"<p>Turun Hammasl\u00e4\u00e4ketiedep\u00e4ivien Luento-ohjelma Pe 17.4.2026 Hammasl\u00e4\u00e4k\u00e4rit Pe 17.4.2026 Oikojat La 18.4. 2026 Hammasl\u00e4\u00e4k\u00e4rit La 18.4.2026 Suuhygienistit ja hammashoitajat Cocktail-tilaisuus pe 17.4.2026 Hinnasto Koko luento-ohjelma PDF (tulostettava versio) Lis\u00e4ksi Turun Hammasl\u00e4\u00e4ketiedep\u00e4ivill\u00e4 suun terveyden alan n\u00e4yttely. Katso n\u00e4ytteilleasettajat<\/p>\n","protected":false},"author":1,"featured_media":156,"parent":0,"menu_order":0,"comment_status":"closed","ping_status":"closed","template":"","meta":{"_kad_post_transparent":"","_kad_post_title":"","_kad_post_layout":"","_kad_post_sidebar_id":"","_kad_post_content_style":"","_kad_post_vertical_padding":"","_kad_post_feature":"","_kad_post_feature_position":"","_kad_post_header":false,"_kad_post_footer":false,"_kad_post_classname":"","footnotes":""},"class_list":["post-25","page","type-page","status-publish","has-post-thumbnail","hentry"],"_links":{"self":[{"href":"https:\/\/hammaslaaketiedepaivat.fi\/index.php\/wp-json\/wp\/v2\/pages\/25","targetHints":{"allow":["GET"]}}],"collection":[{"href":"https:\/\/hammaslaaketiedepaivat.fi\/index.php\/wp-json\/wp\/v2\/pages"}],"about":[{"href":"https:\/\/hammaslaaketiedepaivat.fi\/index.php\/wp-json\/wp\/v2\/types\/page"}],"author":[{"embeddable":true,"href":"https:\/\/hammaslaaketiedepaivat.fi\/index.php\/wp-json\/wp\/v2\/users\/1"}],"replies":[{"embeddable":true,"href":"https:\/\/hammaslaaketiedepaivat.fi\/index.php\/wp-json\/wp\/v2\/comments?post=25"}],"version-history":[{"count":19,"href":"https:\/\/hammaslaaketiedepaivat.fi\/index.php\/wp-json\/wp\/v2\/pages\/25\/revisions"}],"predecessor-version":[{"id":327,"href":"https:\/\/hammaslaaketiedepaivat.fi\/index.php\/wp-json\/wp\/v2\/pages\/25\/revisions\/327"}],"wp:featuredmedia":[{"embeddable":true,"href":"https:\/\/hammaslaaketiedepaivat.fi\/index.php\/wp-json\/wp\/v2\/media\/156"}],"wp:attachment":[{"href":"https:\/\/hammaslaaketiedepaivat.fi\/index.php\/wp-json\/wp\/v2\/media?parent=25"}],"curies":[{"name":"wp","href":"https:\/\/api.w.org\/{rel}","templated":true}]}}