{"id":28,"date":"2025-06-05T15:01:57","date_gmt":"2025-06-05T12:01:57","guid":{"rendered":"http:\/\/hammaslaaketiedepaivat.fi\/?page_id=28"},"modified":"2026-04-02T14:33:53","modified_gmt":"2026-04-02T11:33:53","slug":"naytteilleasettajat","status":"publish","type":"page","link":"https:\/\/hammaslaaketiedepaivat.fi\/index.php\/naytteilleasettajat\/","title":{"rendered":"N\u00e4ytteilleasettajat"},"content":{"rendered":"\n<p>Ilmoittaudu 1.12.2025- 15.3.26<\/p>\n\n\n\n<div class=\"wp-block-buttons is-layout-flex wp-block-buttons-is-layout-flex\">\n<div class=\"wp-block-button\"><a class=\"wp-block-button__link wp-element-button\" href=\"https:\/\/www.flomembers.com\/turun-hammaslaakariseura\/events\/register\/7ef605fc8dba5425d6965fbd4c8fbe1f\">N\u00e4ytteilleasettajan ilmoittautuminen<\/a><\/div>\n<\/div>\n\n\n\n<figure class=\"wp-block-image size-large\"><img loading=\"lazy\" decoding=\"async\" width=\"1024\" height=\"307\" src=\"https:\/\/hammaslaaketiedepaivat.fi\/wp-content\/uploads\/2026\/01\/nayttely-1024x307.jpg\" alt=\"\" class=\"wp-image-318\" srcset=\"https:\/\/hammaslaaketiedepaivat.fi\/wp-content\/uploads\/2026\/01\/nayttely-1024x307.jpg 1024w, https:\/\/hammaslaaketiedepaivat.fi\/wp-content\/uploads\/2026\/01\/nayttely-300x90.jpg 300w, https:\/\/hammaslaaketiedepaivat.fi\/wp-content\/uploads\/2026\/01\/nayttely-768x230.jpg 768w, https:\/\/hammaslaaketiedepaivat.fi\/wp-content\/uploads\/2026\/01\/nayttely-1536x461.jpg 1536w, https:\/\/hammaslaaketiedepaivat.fi\/wp-content\/uploads\/2026\/01\/nayttely.jpg 2000w\" sizes=\"auto, (max-width: 1024px) 100vw, 1024px\" \/><\/figure>\n\n\n\n<h2 class=\"wp-block-heading\">Turun Hammasl\u00e4\u00e4ketiedep\u00e4iv\u00e4t 2026\/N\u00e4ytteilleasettajat<\/h2>\n\n\n\n<p><\/p>\n\n\n\n<p><a href=\"https:\/\/bryant.dental\/\" data-type=\"link\" data-id=\"https:\/\/bryant.dental\/\">Bryant Dental Finland&nbsp;&nbsp;<\/a><\/p>\n\n\n\n<p><a href=\"http:\/\/www.xylitol.net\" data-type=\"link\" data-id=\"www.xylitol.net\">Cloetta Suomi Oy<\/a><\/p>\n\n\n\n<p><a href=\"http:\/\/Colt\u00e8ne\/Whaledent\">Colt\u00e8ne\/Whaledent\u00a0\u00a0<\/a><\/p>\n\n\n\n<p><a href=\"http:\/\/www.dentsplysirona.com\/en-fi\" data-type=\"link\" data-id=\"www.dentsplysirona.com\/en-fi\">Dentsply Sirona<\/a>&nbsp; <\/p>\n\n\n\n<p><a href=\"https:\/\/www.gc.dental\/europe\/fi-FI\" data-type=\"link\" data-id=\"https:\/\/www.gc.dental\/europe\/fi-FI\">GC Finland Oy<\/a>&nbsp; <\/p>\n\n\n\n<p><a href=\"http:\/\/www.hammastuote.fi\" data-type=\"link\" data-id=\"www.hammastuote.fi\">Hammastuote<\/a><\/p>\n\n\n\n<p><a href=\"http:\/\/www.hammasvaline.fi\" data-type=\"link\" data-id=\"www.hammasvaline.fi\">Hammasv\u00e4line<\/a>&nbsp; <\/p>\n\n\n\n<p><a href=\"http:\/\/www.implantona.fi\" data-type=\"link\" data-id=\"www.implantona.fi\">Implantona <\/a>&nbsp;<\/p>\n\n\n\n<p><a href=\"https:\/\/interadent.fi\/\" data-type=\"link\" data-id=\"https:\/\/interadent.fi\/\">InteraDent oy<\/a><\/p>\n\n\n\n<p><a href=\"https:\/\/www.kebomed.fi\/tuotteet\/surgitel-luupit-luuppivalot-ja-kamerat\/\" data-type=\"link\" data-id=\"https:\/\/www.kebomed.fi\/tuotteet\/surgitel-luupit-luuppivalot-ja-kamerat\/\">Kebomed Oy&nbsp;<\/a>&nbsp; <\/p>\n\n\n\n<p><a href=\"http:\/\/www.kerrdental.com\" data-type=\"link\" data-id=\"www.kerrdental.com\">Kerr<\/a><\/p>\n\n\n\n<p><a href=\"http:\/\/www.kiilto.fi\" data-type=\"link\" data-id=\"www.kiilto.fi\">Kiilto Oy&nbsp;&nbsp;&nbsp;<\/a><\/p>\n\n\n\n<p><a href=\"http:\/\/www.lm-dental.com\" data-type=\"link\" data-id=\"www.lm-dental.com\">LM-Dental&nbsp;&nbsp;<\/a><\/p>\n\n\n\n<p><a href=\"http:\/\/www.medimatkat.fi\" data-type=\"link\" data-id=\"www.medimatkat.fi\">Medimatkat Oy<\/a>&nbsp;<\/p>\n\n\n\n<p><a href=\"https:\/\/www.imegagen.com\" data-type=\"link\" data-id=\"https:\/\/www.imegagen.com\">MegaGen Nordic &nbsp;<\/a><\/p>\n\n\n\n<p><a href=\"http:\/\/www.merident.fi\" data-type=\"link\" data-id=\"www.merident.fi\">Merident Oy<\/a>&nbsp;&nbsp; <\/p>\n\n\n\n<p><a href=\"https:\/\/www.nobelbiocare.com\/en-fi\" data-type=\"link\" data-id=\"https:\/\/www.nobelbiocare.com\/en-fi\">Nobel Biocare&nbsp;<\/a>&nbsp; <\/p>\n\n\n\n<p><a href=\"https:\/\/ura.oral.fi\/\" data-type=\"link\" data-id=\"https:\/\/ura.oral.fi\/\">Oral Hammasl\u00e4\u00e4k\u00e4rit Oy&nbsp;<\/a><\/p>\n\n\n\n<p><a href=\"https:\/\/www.plandent.fi\/\" data-type=\"link\" data-id=\"https:\/\/www.plandent.fi\/\">Plandent Oy&nbsp;<\/a>&nbsp;<\/p>\n\n\n\n<p><a href=\"http:\/\/www.salutem.fi\" data-type=\"link\" data-id=\"www.salutem.fi\">Salutem OY&nbsp;<\/a><\/p>\n\n\n\n<p><a href=\"http:\/\/www.solventum.com\" data-type=\"link\" data-id=\"www.solventum.com\">Solventum<\/a><\/p>\n\n\n\n<p><a href=\"https:\/\/www.somnomed.com\/fi\/\" data-type=\"link\" data-id=\"https:\/\/www.somnomed.com\/fi\/\">SomnoMed Finland Oy&nbsp;&nbsp;<\/a><\/p>\n\n\n\n<p><a href=\"https:\/\/www.terveystalo.com\/fi\/avoimet-tyopaikat\/hammaslaakari\" data-type=\"link\" data-id=\"https:\/\/www.terveystalo.com\/fi\/avoimet-tyopaikat\/hammaslaakari\">Suun Terveystalo&nbsp;<\/a><\/p>\n\n\n\n<p><a href=\"http:\/\/www.gum.fi\" data-type=\"link\" data-id=\"www.gum.fi\">Tamro Oyj<\/a>&nbsp;&nbsp; <\/p>\n\n\n\n<p><a href=\"https:\/\/www.tepe.com\/fi\" data-type=\"link\" data-id=\"https:\/\/www.tepe.com\/fi\">Tepe<\/a><\/p>\n\n\n\n<p><a href=\"https:\/\/unident.fi\/\" data-type=\"link\" data-id=\"https:\/\/unident.fi\/\">Unident Oy<\/a>&nbsp;&nbsp; <\/p>\n\n\n\n<p><a href=\"https:\/\/www.voco.dental\/en\/home.aspx\" data-type=\"link\" data-id=\"https:\/\/www.voco.dental\/en\/home.aspx\">Voco GmbH&nbsp;&nbsp;&nbsp;<\/a><\/p>\n\n\n\n<p><a href=\"https:\/\/younginnovations.com\/\" data-type=\"link\" data-id=\"https:\/\/younginnovations.com\/\">Young Innovations&nbsp;<\/a><\/p>\n","protected":false},"excerpt":{"rendered":"<p>Ilmoittaudu 1.12.2025- 15.3.26 Turun Hammasl\u00e4\u00e4ketiedep\u00e4iv\u00e4t 2026\/N\u00e4ytteilleasettajat Bryant Dental Finland&nbsp;&nbsp; Cloetta Suomi Oy Colt\u00e8ne\/Whaledent\u00a0\u00a0 Dentsply Sirona&nbsp; GC Finland Oy&nbsp; Hammastuote Hammasv\u00e4line&nbsp; Implantona &nbsp; InteraDent oy Kebomed Oy&nbsp;&nbsp; Kerr Kiilto Oy&nbsp;&nbsp;&nbsp; LM-Dental&nbsp;&nbsp; Medimatkat Oy&nbsp; MegaGen Nordic &nbsp; Merident Oy&nbsp;&nbsp; Nobel Biocare&nbsp;&nbsp; Oral Hammasl\u00e4\u00e4k\u00e4rit Oy&nbsp; Plandent Oy&nbsp;&nbsp; Salutem OY&nbsp; Solventum SomnoMed Finland Oy&nbsp;&nbsp; Suun Terveystalo&nbsp; Tamro Oyj&nbsp;&nbsp; Tepe&#8230;<\/p>\n","protected":false},"author":1,"featured_media":158,"parent":0,"menu_order":0,"comment_status":"closed","ping_status":"closed","template":"","meta":{"_kad_post_transparent":"","_kad_post_title":"","_kad_post_layout":"","_kad_post_sidebar_id":"","_kad_post_content_style":"","_kad_post_vertical_padding":"","_kad_post_feature":"","_kad_post_feature_position":"","_kad_post_header":false,"_kad_post_footer":false,"_kad_post_classname":"","footnotes":""},"class_list":["post-28","page","type-page","status-publish","has-post-thumbnail","hentry"],"_links":{"self":[{"href":"https:\/\/hammaslaaketiedepaivat.fi\/index.php\/wp-json\/wp\/v2\/pages\/28","targetHints":{"allow":["GET"]}}],"collection":[{"href":"https:\/\/hammaslaaketiedepaivat.fi\/index.php\/wp-json\/wp\/v2\/pages"}],"about":[{"href":"https:\/\/hammaslaaketiedepaivat.fi\/index.php\/wp-json\/wp\/v2\/types\/page"}],"author":[{"embeddable":true,"href":"https:\/\/hammaslaaketiedepaivat.fi\/index.php\/wp-json\/wp\/v2\/users\/1"}],"replies":[{"embeddable":true,"href":"https:\/\/hammaslaaketiedepaivat.fi\/index.php\/wp-json\/wp\/v2\/comments?post=28"}],"version-history":[{"count":22,"href":"https:\/\/hammaslaaketiedepaivat.fi\/index.php\/wp-json\/wp\/v2\/pages\/28\/revisions"}],"predecessor-version":[{"id":417,"href":"https:\/\/hammaslaaketiedepaivat.fi\/index.php\/wp-json\/wp\/v2\/pages\/28\/revisions\/417"}],"wp:featuredmedia":[{"embeddable":true,"href":"https:\/\/hammaslaaketiedepaivat.fi\/index.php\/wp-json\/wp\/v2\/media\/158"}],"wp:attachment":[{"href":"https:\/\/hammaslaaketiedepaivat.fi\/index.php\/wp-json\/wp\/v2\/media?parent=28"}],"curies":[{"name":"wp","href":"https:\/\/api.w.org\/{rel}","templated":true}]}}