{"id":30,"date":"2025-06-05T15:02:52","date_gmt":"2025-06-05T12:02:52","guid":{"rendered":"http:\/\/hammaslaaketiedepaivat.fi\/?page_id=30"},"modified":"2026-02-12T10:23:44","modified_gmt":"2026-02-12T07:23:44","slug":"info","status":"publish","type":"page","link":"https:\/\/hammaslaaketiedepaivat.fi\/index.php\/info\/","title":{"rendered":"Info"},"content":{"rendered":"\n<p>Turun Hammasl\u00e4\u00e4k\u00e4rip\u00e4iv\u00e4t uudisti nimen ja ajankohdan. Haluamme palvella suun terveyden ammattilaisia laajemmin ja siksi nimen muutos Turun Hammasl\u00e4\u00e4ketiedep\u00e4iviksi.<\/p>\n\n\n\n<p>Turun Hammasl\u00e4\u00e4ketiedep\u00e4iv\u00e4t<strong> 17.-18.4.26<\/strong> Mauno Koivisto -keskus, Tykist\u00f6katu 6, Bio-City, Turku<\/p>\n\n\n\n<p>Ilmoittautuminen on auki! <strong><a href=\"https:\/\/hammaslaaketiedepaivat.fi\/index.php\/ilmoittautuminen\/\" data-type=\"page\" data-id=\"32\">Ilmoittaudu&gt;<\/a><\/strong><\/p>\n\n\n\n<p>Voit perua osallistumisesi maksutta ennen 15.3.26.<\/p>\n\n\n\n<p><a href=\"https:\/\/hammaslaaketiedepaivat.fi\/index.php\/hinnasto\/\" data-type=\"page\" data-id=\"176\">Hinnasto<\/a><\/p>\n\n\n\n<p><\/p>\n","protected":false},"excerpt":{"rendered":"<p>Turun Hammasl\u00e4\u00e4k\u00e4rip\u00e4iv\u00e4t uudisti nimen ja ajankohdan. Haluamme palvella suun terveyden ammattilaisia laajemmin ja siksi nimen muutos Turun Hammasl\u00e4\u00e4ketiedep\u00e4iviksi. Turun Hammasl\u00e4\u00e4ketiedep\u00e4iv\u00e4t 17.-18.4.26 Mauno Koivisto -keskus, Tykist\u00f6katu 6, Bio-City, Turku Ilmoittautuminen on auki! Ilmoittaudu&gt; Voit perua osallistumisesi maksutta ennen 15.3.26. Hinnasto<\/p>\n","protected":false},"author":1,"featured_media":155,"parent":0,"menu_order":0,"comment_status":"closed","ping_status":"closed","template":"","meta":{"_kad_post_transparent":"","_kad_post_title":"","_kad_post_layout":"","_kad_post_sidebar_id":"","_kad_post_content_style":"","_kad_post_vertical_padding":"","_kad_post_feature":"","_kad_post_feature_position":"","_kad_post_header":false,"_kad_post_footer":false,"_kad_post_classname":"","footnotes":""},"class_list":["post-30","page","type-page","status-publish","has-post-thumbnail","hentry"],"_links":{"self":[{"href":"https:\/\/hammaslaaketiedepaivat.fi\/index.php\/wp-json\/wp\/v2\/pages\/30","targetHints":{"allow":["GET"]}}],"collection":[{"href":"https:\/\/hammaslaaketiedepaivat.fi\/index.php\/wp-json\/wp\/v2\/pages"}],"about":[{"href":"https:\/\/hammaslaaketiedepaivat.fi\/index.php\/wp-json\/wp\/v2\/types\/page"}],"author":[{"embeddable":true,"href":"https:\/\/hammaslaaketiedepaivat.fi\/index.php\/wp-json\/wp\/v2\/users\/1"}],"replies":[{"embeddable":true,"href":"https:\/\/hammaslaaketiedepaivat.fi\/index.php\/wp-json\/wp\/v2\/comments?post=30"}],"version-history":[{"count":7,"href":"https:\/\/hammaslaaketiedepaivat.fi\/index.php\/wp-json\/wp\/v2\/pages\/30\/revisions"}],"predecessor-version":[{"id":356,"href":"https:\/\/hammaslaaketiedepaivat.fi\/index.php\/wp-json\/wp\/v2\/pages\/30\/revisions\/356"}],"wp:featuredmedia":[{"embeddable":true,"href":"https:\/\/hammaslaaketiedepaivat.fi\/index.php\/wp-json\/wp\/v2\/media\/155"}],"wp:attachment":[{"href":"https:\/\/hammaslaaketiedepaivat.fi\/index.php\/wp-json\/wp\/v2\/media?parent=30"}],"curies":[{"name":"wp","href":"https:\/\/api.w.org\/{rel}","templated":true}]}}